{"id":51,"date":"2025-02-26T10:44:45","date_gmt":"2025-02-26T10:44:45","guid":{"rendered":"https:\/\/cims-radiologie.ch\/?page_id=51"},"modified":"2025-11-24T15:38:58","modified_gmt":"2025-11-24T14:38:58","slug":"mentions-legales","status":"publish","type":"page","link":"https:\/\/cims-radiologie.ch\/de\/mentions-legales\/","title":{"rendered":"Mentions l\u00e9gales"},"content":{"rendered":"<div data-elementor-type=\"wp-page\" data-elementor-id=\"51\" class=\"elementor elementor-51\">\n\t\t\t\t<div class=\"elementor-element elementor-element-28bf325 e-flex e-con-boxed e-con e-parent\" data-id=\"28bf325\" data-element_type=\"container\" data-e-type=\"container\" data-settings=\"{&quot;background_background&quot;:&quot;gradient&quot;,&quot;jet_parallax_layout_list&quot;:[]}\">\n\t\t\t\t\t<div class=\"e-con-inner\">\n\t\t\t\t<div class=\"elementor-element elementor-element-cc7b096 elementor-widget elementor-widget-heading\" data-id=\"cc7b096\" data-element_type=\"widget\" data-e-type=\"widget\" data-widget_type=\"heading.default\">\n\t\t\t\t<div class=\"elementor-widget-container\">\n\t\t\t\t\t<h1 class=\"elementor-heading-title elementor-size-default\">Mentions l\u00e9gales<\/h1>\t\t\t\t<\/div>\n\t\t\t\t<\/div>\n\t\t\t\t<div class=\"elementor-element elementor-element-df16627 elementor-widget elementor-widget-text-editor\" data-id=\"df16627\" data-element_type=\"widget\" data-e-type=\"widget\" data-widget_type=\"text-editor.default\">\n\t\t\t\t<div class=\"elementor-widget-container\">\n\t\t\t\t\t\t\t\t\t<p><strong><em>Cette version prend effet \u00e0 compter du 12 juillet 2025.<\/em><\/strong><\/p><p><strong>Soci\u00e9t\u00e9\u00a0<\/strong>: CIMS Radiologie SA<\/p><p><strong>Repr\u00e9sentation <\/strong>: Dr Mourad Amor<\/p><p><strong>Adresse<\/strong> : Pl. de la Poste 8, 2800 Del\u00e9mont<\/p><p><strong>E-Mail-Adresse\u00a0<\/strong>: info@cims-radiologie.ch<\/p><p><strong>Telefonnummer<\/strong> : +41 (0)32 566 15 10<\/p><p><strong data-start=\"1072\" data-end=\"1101\">Responsabilit\u00e9 du contenu : <\/strong>Le site pr\u00e9sente les activit\u00e9s du centre et a pour objectif d\u2019informer les patient\u00b7e\u00b7s. Les contenus sont fournis \u00e0 titre indicatif et ne remplacent en aucun cas un avis m\u00e9dical professionnel.<\/p>\t\t\t\t\t\t\t\t<\/div>\n\t\t\t\t<\/div>\n\t\t\t\t\t<\/div>\n\t\t\t\t<\/div>\n\t\t\t\t<\/div>","protected":false},"excerpt":{"rendered":"<p>Mentions l\u00e9gales Cette version prend effet \u00e0 compter du 12 juillet 2025. Soci\u00e9t\u00e9\u00a0: CIMS Radiologie SA Repr\u00e9sentation : Dr Mourad Amor Adresse : Pl. de la Poste 8, 2800 Del\u00e9mont Adresse e-mail\u00a0: info@cims-radiologie.ch T\u00e9l\u00e9phone : +41 (0)32 566 15 10 Responsabilit\u00e9 du contenu : Le site pr\u00e9sente les activit\u00e9s du centre et a pour objectif [&hellip;]<\/p>","protected":false},"author":1,"featured_media":0,"parent":0,"menu_order":0,"comment_status":"closed","ping_status":"closed","template":"","meta":{"_jet_sm_ready_style":"","_jet_sm_style":"","_jet_sm_controls_values":"","_jet_sm_fonts_collection":"","_jet_sm_fonts_links":"","footnotes":""},"class_list":["post-51","page","type-page","status-publish","hentry"],"_links":{"self":[{"href":"https:\/\/cims-radiologie.ch\/de\/wp-json\/wp\/v2\/pages\/51","targetHints":{"allow":["GET"]}}],"collection":[{"href":"https:\/\/cims-radiologie.ch\/de\/wp-json\/wp\/v2\/pages"}],"about":[{"href":"https:\/\/cims-radiologie.ch\/de\/wp-json\/wp\/v2\/types\/page"}],"author":[{"embeddable":true,"href":"https:\/\/cims-radiologie.ch\/de\/wp-json\/wp\/v2\/users\/1"}],"replies":[{"embeddable":true,"href":"https:\/\/cims-radiologie.ch\/de\/wp-json\/wp\/v2\/comments?post=51"}],"version-history":[{"count":16,"href":"https:\/\/cims-radiologie.ch\/de\/wp-json\/wp\/v2\/pages\/51\/revisions"}],"predecessor-version":[{"id":6173,"href":"https:\/\/cims-radiologie.ch\/de\/wp-json\/wp\/v2\/pages\/51\/revisions\/6173"}],"wp:attachment":[{"href":"https:\/\/cims-radiologie.ch\/de\/wp-json\/wp\/v2\/media?parent=51"}],"curies":[{"name":"wp","href":"https:\/\/api.w.org\/{rel}","templated":true}]}}