{"id":48,"date":"2025-02-26T10:44:24","date_gmt":"2025-02-26T10:44:24","guid":{"rendered":"https:\/\/cims-radiologie.ch\/?page_id=48"},"modified":"2025-09-26T14:26:38","modified_gmt":"2025-09-26T13:26:38","slug":"contact-radiologue-jura","status":"publish","type":"page","link":"https:\/\/cims-radiologie.ch\/de\/contact-radiologue-jura\/","title":{"rendered":"Kontakt"},"content":{"rendered":"<div data-elementor-type=\"wp-page\" data-elementor-id=\"48\" class=\"elementor elementor-48\">\n\t\t\t\t<div class=\"elementor-element elementor-element-481884f gradient-cims-3 e-flex e-con-boxed e-con e-parent\" data-id=\"481884f\" data-element_type=\"container\" data-e-type=\"container\" data-settings=\"{&quot;jet_parallax_layout_list&quot;:[],&quot;background_background&quot;:&quot;classic&quot;}\">\n\t\t\t\t\t<div class=\"e-con-inner\">\n\t\t\t\t<div class=\"elementor-element elementor-element-844a5a3 elementor-widget__width-inherit elementor-invisible elementor-widget elementor-widget-heading\" data-id=\"844a5a3\" data-element_type=\"widget\" data-e-type=\"widget\" data-settings=\"{&quot;_animation&quot;:&quot;fadeInUp&quot;}\" data-widget_type=\"heading.default\">\n\t\t\t\t<div class=\"elementor-widget-container\">\n\t\t\t\t\t<h1 class=\"elementor-heading-title elementor-size-default\">Kontakt<\/h1>\t\t\t\t<\/div>\n\t\t\t\t<\/div>\n\t\t\t\t<div class=\"elementor-element elementor-element-42a3239 elementor-widget__width-initial elementor-invisible elementor-widget elementor-widget-text-editor\" data-id=\"42a3239\" data-element_type=\"widget\" data-e-type=\"widget\" data-settings=\"{&quot;_animation&quot;:&quot;fadeInUp&quot;,&quot;_animation_delay&quot;:200}\" data-widget_type=\"text-editor.default\">\n\t\t\t\t<div class=\"elementor-widget-container\">\n\t\t\t\t\t\t\t\t\t<p>Bei Fragen oder zur Terminvereinbarung stehen wir Ihnen gerne zur Verf\u00fcgung.<\/p>\t\t\t\t\t\t\t\t<\/div>\n\t\t\t\t<\/div>\n\t\t\t\t\t<\/div>\n\t\t\t\t<\/div>\n\t\t<div class=\"elementor-element elementor-element-0082409 gradient-cims-2 e-flex e-con-boxed e-con e-parent\" data-id=\"0082409\" data-element_type=\"container\" data-e-type=\"container\" data-settings=\"{&quot;jet_parallax_layout_list&quot;:[],&quot;background_background&quot;:&quot;classic&quot;}\">\n\t\t\t\t\t<div class=\"e-con-inner\">\n\t\t<div class=\"elementor-element elementor-element-bf0839d e-con-full e-flex e-con e-child\" data-id=\"bf0839d\" data-element_type=\"container\" data-e-type=\"container\" data-settings=\"{&quot;background_background&quot;:&quot;classic&quot;,&quot;jet_parallax_layout_list&quot;:[]}\">\n\t\t<a class=\"elementor-element elementor-element-5dd8211 e-con-full e-flex e-con e-child\" data-id=\"5dd8211\" data-element_type=\"container\" data-e-type=\"container\" data-settings=\"{&quot;jet_parallax_layout_list&quot;:[]}\" href=\"mailto:info@cims-radiologie.ch\">\n\t\t\t\t<div class=\"elementor-element elementor-element-0068a63 elementor-widget elementor-widget-image\" data-id=\"0068a63\" data-element_type=\"widget\" data-e-type=\"widget\" data-widget_type=\"image.default\">\n\t\t\t\t<div class=\"elementor-widget-container\">\n\t\t\t\t\t\t\t\t\t\t\t\t\t\t\t<img decoding=\"async\" width=\"32\" height=\"32\" src=\"https:\/\/cims-radiologie.ch\/wp-content\/uploads\/2025\/06\/email-envelope-letter-mail-message-svgrepo-com.svg\" class=\"attachment-large size-large wp-image-2105\" alt=\"\" \/>\t\t\t\t\t\t\t\t\t\t\t\t\t\t\t<\/div>\n\t\t\t\t<\/div>\n\t\t\t\t<div class=\"elementor-element elementor-element-d99da47 elementor-widget elementor-widget-text-editor\" data-id=\"d99da47\" data-element_type=\"widget\" data-e-type=\"widget\" data-widget_type=\"text-editor.default\">\n\t\t\t\t<div class=\"elementor-widget-container\">\n\t\t\t\t\t\t\t\t\t<p>info@cims-radiologie.ch<\/p>\t\t\t\t\t\t\t\t<\/div>\n\t\t\t\t<\/div>\n\t\t\t\t<\/a>\n\t\t<a class=\"elementor-element elementor-element-95f910f e-con-full e-flex e-con e-child\" data-id=\"95f910f\" data-element_type=\"container\" data-e-type=\"container\" data-settings=\"{&quot;jet_parallax_layout_list&quot;:[]}\" href=\"https:\/\/g.co\/kgs\/Nm4DW8e\">\n\t\t\t\t<div class=\"elementor-element elementor-element-1a41a46 elementor-view-default elementor-widget elementor-widget-icon\" data-id=\"1a41a46\" data-element_type=\"widget\" data-e-type=\"widget\" data-widget_type=\"icon.default\">\n\t\t\t\t<div class=\"elementor-widget-container\">\n\t\t\t\t\t\t\t<div class=\"elementor-icon-wrapper\">\n\t\t\t<div class=\"elementor-icon\">\n\t\t\t<svg xmlns=\"http:\/\/www.w3.org\/2000\/svg\" width=\"800px\" height=\"800px\" viewbox=\"0 0 24 24\"><path d=\"M12 5a3 3 0 1 0 3 3 3 3 0 0 0-3-3zm0 5a2 2 0 1 1 2-2 2.003 2.003 0 0 1-2 2zm0-8.9a6.847 6.847 0 0 0-6.9 6.932c0 3.882 3.789 9.01 6.9 14.968 3.111-5.957 6.9-11.086 6.9-14.968A6.847 6.847 0 0 0 12 1.1zm0 19.789c-.58-1.053-1.168-2.075-1.743-3.075C8.027 13.937 6.1 10.587 6.1 8.032a5.9 5.9 0 1 1 11.8 0c0 2.555-1.926 5.905-4.157 9.782-.575 1-1.163 2.022-1.743 3.075z\"><\/path><path fill=\"none\" d=\"M0 0h24v24H0z\"><\/path><\/svg>\t\t\t<\/div>\n\t\t<\/div>\n\t\t\t\t\t\t<\/div>\n\t\t\t\t<\/div>\n\t\t\t\t<div class=\"elementor-element elementor-element-ce47848 elementor-widget elementor-widget-text-editor\" data-id=\"ce47848\" data-element_type=\"widget\" data-e-type=\"widget\" data-widget_type=\"text-editor.default\">\n\t\t\t\t<div class=\"elementor-widget-container\">\n\t\t\t\t\t\t\t\t\t<p>Place de la poste 8, 2800 Del\u00e9mont<\/p>\t\t\t\t\t\t\t\t<\/div>\n\t\t\t\t<\/div>\n\t\t\t\t<\/a>\n\t\t<a class=\"elementor-element elementor-element-e4284d0 e-con-full e-flex e-con e-child\" data-id=\"e4284d0\" data-element_type=\"container\" data-e-type=\"container\" data-settings=\"{&quot;jet_parallax_layout_list&quot;:[]}\" href=\"tel:032%20566%2015%2010\">\n\t\t\t\t<div class=\"elementor-element elementor-element-3539341 elementor-view-default elementor-widget elementor-widget-icon\" data-id=\"3539341\" data-element_type=\"widget\" data-e-type=\"widget\" data-widget_type=\"icon.default\">\n\t\t\t\t<div class=\"elementor-widget-container\">\n\t\t\t\t\t\t\t<div class=\"elementor-icon-wrapper\">\n\t\t\t<div class=\"elementor-icon\">\n\t\t\t<svg xmlns=\"http:\/\/www.w3.org\/2000\/svg\" fill=\"#000000\" width=\"800px\" height=\"800px\" viewbox=\"-6.5 0 32 32\"><title>phone<\/title><path d=\"M13.8 25.52c-3.12 0-6.48-2.72-8.76-4.96-1.96-1.92-5.12-5.64-5.040-8.96 0.040-1.4 0.64-2.56 1.76-3.52 1.28-1.080 2.28-1.6 3.16-1.6 1.24 0 1.92 0.96 2.36 1.6 0.4 0.6 1.4 2.080 1.8 2.84 0.64 1.2 0.32 2.28-0.92 3.24-0.080 0.040-0.080 0.080-0.12 0.12-0.040 0.36 0.84 1.24 1.24 1.6l0.4 0.4c0.4 0.4 1.2 1.24 1.6 1.24 0.040 0 0.12-0.080 0.12-0.12 0.64-0.84 1.32-1.24 2.080-1.24 0.48 0 0.88 0.16 1.16 0.32 0.76 0.4 2.24 1.4 2.84 1.8 0.56 0.4 1.44 1 1.6 2.040 0.12 0.96-0.36 2.040-1.56 3.48-1.040 1.16-2.28 1.72-3.72 1.72v0zM4.96 8.12c-0.24 0-0.84 0.16-2.080 1.2-0.76 0.64-1.16 1.4-1.2 2.32-0.080 2 1.56 4.8 4.48 7.72 2.84 2.84 5.6 4.48 7.6 4.48v0c0.96 0 1.8-0.4 2.48-1.2 1.12-1.32 1.24-1.92 1.2-2.16-0.040-0.28-0.32-0.52-0.88-0.88-0.44-0.32-1.96-1.32-2.68-1.72-0.12-0.080-0.24-0.12-0.36-0.12-0.2 0-0.48 0.2-0.76 0.6-0.48 0.64-1.040 0.76-1.44 0.76v0c-1.080 0-2.040-0.96-2.8-1.72l-0.36-0.36c-0.8-0.8-1.8-1.76-1.72-2.88 0.040-0.36 0.16-0.88 0.76-1.32 0.76-0.56 0.64-0.8 0.48-1.12-0.4-0.72-1.4-2.24-1.72-2.68-0.48-0.68-0.72-0.92-1-0.92z\"><\/path><\/svg>\t\t\t<\/div>\n\t\t<\/div>\n\t\t\t\t\t\t<\/div>\n\t\t\t\t<\/div>\n\t\t\t\t<div class=\"elementor-element elementor-element-87f12ca elementor-widget elementor-widget-text-editor\" data-id=\"87f12ca\" data-element_type=\"widget\" data-e-type=\"widget\" data-widget_type=\"text-editor.default\">\n\t\t\t\t<div class=\"elementor-widget-container\">\n\t\t\t\t\t\t\t\t\t<p>032 566 15 10<\/p>\t\t\t\t\t\t\t\t<\/div>\n\t\t\t\t<\/div>\n\t\t\t\t<\/a>\n\t\t\t\t<\/div>\n\t\t<div class=\"elementor-element elementor-element-c9ee06f e-con-full e-flex e-con e-child\" data-id=\"c9ee06f\" data-element_type=\"container\" data-e-type=\"container\" data-settings=\"{&quot;jet_parallax_layout_list&quot;:[]}\">\n\t\t<div class=\"elementor-element elementor-element-1096e31 e-con-full e-flex e-con e-child\" data-id=\"1096e31\" data-element_type=\"container\" data-e-type=\"container\" data-settings=\"{&quot;jet_parallax_layout_list&quot;:[]}\">\n\t\t\t\t<div class=\"elementor-element elementor-element-af81d0e elementor-widget elementor-widget-heading\" data-id=\"af81d0e\" data-element_type=\"widget\" data-e-type=\"widget\" data-widget_type=\"heading.default\">\n\t\t\t\t<div class=\"elementor-widget-container\">\n\t\t\t\t\t<h2 class=\"elementor-heading-title elementor-size-default\">Kontaktformular<\/h2>\t\t\t\t<\/div>\n\t\t\t\t<\/div>\n\t\t\t\t<div class=\"elementor-element elementor-element-4c844fe elementor-widget elementor-widget-text-editor\" data-id=\"4c844fe\" data-element_type=\"widget\" data-e-type=\"widget\" data-widget_type=\"text-editor.default\">\n\t\t\t\t<div class=\"elementor-widget-container\">\n\t\t\t\t\t\t\t\t\t<p>Z\u00f6gern Sie nicht, das Formular auszuf\u00fcllen, wenn Sie Fragen haben.<\/p><p>Wenn Sie als Patient einen Termin vereinbaren m\u00f6chten, klicken Sie bitte auf diesen Link: <a href=\"https:\/\/cims-radiologie.ch\/de\/demande-de-rendez-vous\/\">Einen Termin vereinbaren<\/a><\/p><p>Wenn Sie als Arzt einen Termin verordnen m\u00f6chten, nutzen Sie bitte diesen Link: <a href=\"https:\/\/cims-radiologie.ch\/de\/prescription-de-rendez-vous\/\">Untersuchung verordnen<\/a><\/p>\t\t\t\t\t\t\t\t<\/div>\n\t\t\t\t<\/div>\n\t\t<div class=\"elementor-element elementor-element-3eb747b e-con-full elementor-hidden-mobile e-flex e-con e-child\" data-id=\"3eb747b\" data-element_type=\"container\" data-e-type=\"container\" data-settings=\"{&quot;jet_parallax_layout_list&quot;:[]}\">\n\t\t\t\t<div class=\"elementor-element elementor-element-afd341b elementor-widget-tablet__width-inherit elementor-widget__width-initial elementor-widget elementor-widget-heading\" data-id=\"afd341b\" data-element_type=\"widget\" data-e-type=\"widget\" data-widget_type=\"heading.default\">\n\t\t\t\t<div class=\"elementor-widget-container\">\n\t\t\t\t\t<h3 class=\"elementor-heading-title elementor-size-default\">Unsere Social-Media-Kan\u00e4le :<\/h3>\t\t\t\t<\/div>\n\t\t\t\t<\/div>\n\t\t\t\t<div class=\"elementor-element elementor-element-0712d92 e-grid-align-left elementor-widget__width-initial elementor-shape-rounded elementor-grid-0 elementor-widget elementor-widget-social-icons\" data-id=\"0712d92\" data-element_type=\"widget\" data-e-type=\"widget\" data-widget_type=\"social-icons.default\">\n\t\t\t\t<div class=\"elementor-widget-container\">\n\t\t\t\t\t\t\t<div class=\"elementor-social-icons-wrapper elementor-grid\" role=\"list\">\n\t\t\t\t\t\t\t<span class=\"elementor-grid-item\" role=\"listitem\">\n\t\t\t\t\t<a class=\"elementor-icon elementor-social-icon elementor-social-icon-facebook elementor-repeater-item-2342472\" href=\"https:\/\/www.facebook.com\/people\/CIMS-Radiologie-SA\/61572848722383\/\" target=\"_blank\" rel=\"noopener\">\n\t\t\t\t\t\t<span class=\"elementor-screen-only\">Facebook<\/span>\n\t\t\t\t\t\t<svg aria-hidden=\"true\" class=\"e-font-icon-svg e-fab-facebook\" viewbox=\"0 0 512 512\" xmlns=\"http:\/\/www.w3.org\/2000\/svg\"><path d=\"M504 256C504 119 393 8 256 8S8 119 8 256c0 123.78 90.69 226.38 209.25 245V327.69h-63V256h63v-54.64c0-62.15 37-96.48 93.67-96.48 27.14 0 55.52 4.84 55.52 4.84v61h-31.28c-30.8 0-40.41 19.12-40.41 38.73V256h68.78l-11 71.69h-57.78V501C413.31 482.38 504 379.78 504 256z\"><\/path><\/svg>\t\t\t\t\t<\/a>\n\t\t\t\t<\/span>\n\t\t\t\t\t\t\t<span class=\"elementor-grid-item\" role=\"listitem\">\n\t\t\t\t\t<a class=\"elementor-icon elementor-social-icon elementor-social-icon-instagram elementor-repeater-item-8366d5e\" href=\"https:\/\/www.instagram.com\/cims_radiologie\/\" target=\"_blank\" rel=\"noopener\">\n\t\t\t\t\t\t<span class=\"elementor-screen-only\">Instagram<\/span>\n\t\t\t\t\t\t<svg aria-hidden=\"true\" class=\"e-font-icon-svg e-fab-instagram\" viewbox=\"0 0 448 512\" xmlns=\"http:\/\/www.w3.org\/2000\/svg\"><path d=\"M224.1 141c-63.6 0-114.9 51.3-114.9 114.9s51.3 114.9 114.9 114.9S339 319.5 339 255.9 287.7 141 224.1 141zm0 189.6c-41.1 0-74.7-33.5-74.7-74.7s33.5-74.7 74.7-74.7 74.7 33.5 74.7 74.7-33.6 74.7-74.7 74.7zm146.4-194.3c0 14.9-12 26.8-26.8 26.8-14.9 0-26.8-12-26.8-26.8s12-26.8 26.8-26.8 26.8 12 26.8 26.8zm76.1 27.2c-1.7-35.9-9.9-67.7-36.2-93.9-26.2-26.2-58-34.4-93.9-36.2-37-2.1-147.9-2.1-184.9 0-35.8 1.7-67.6 9.9-93.9 36.1s-34.4 58-36.2 93.9c-2.1 37-2.1 147.9 0 184.9 1.7 35.9 9.9 67.7 36.2 93.9s58 34.4 93.9 36.2c37 2.1 147.9 2.1 184.9 0 35.9-1.7 67.7-9.9 93.9-36.2 26.2-26.2 34.4-58 36.2-93.9 2.1-37 2.1-147.8 0-184.8zM398.8 388c-7.8 19.6-22.9 34.7-42.6 42.6-29.5 11.7-99.5 9-132.1 9s-102.7 2.6-132.1-9c-19.6-7.8-34.7-22.9-42.6-42.6-11.7-29.5-9-99.5-9-132.1s-2.6-102.7 9-132.1c7.8-19.6 22.9-34.7 42.6-42.6 29.5-11.7 99.5-9 132.1-9s102.7-2.6 132.1 9c19.6 7.8 34.7 22.9 42.6 42.6 11.7 29.5 9 99.5 9 132.1s2.7 102.7-9 132.1z\"><\/path><\/svg>\t\t\t\t\t<\/a>\n\t\t\t\t<\/span>\n\t\t\t\t\t\t\t<span class=\"elementor-grid-item\" role=\"listitem\">\n\t\t\t\t\t<a class=\"elementor-icon elementor-social-icon elementor-social-icon-linkedin elementor-repeater-item-fd0ff65\" href=\"https:\/\/www.linkedin.com\/company\/cims-radiologie-sa\/\" target=\"_blank\" rel=\"noopener\">\n\t\t\t\t\t\t<span class=\"elementor-screen-only\">Linkedin<\/span>\n\t\t\t\t\t\t<svg aria-hidden=\"true\" class=\"e-font-icon-svg e-fab-linkedin\" viewbox=\"0 0 448 512\" xmlns=\"http:\/\/www.w3.org\/2000\/svg\"><path d=\"M416 32H31.9C14.3 32 0 46.5 0 64.3v383.4C0 465.5 14.3 480 31.9 480H416c17.6 0 32-14.5 32-32.3V64.3c0-17.8-14.4-32.3-32-32.3zM135.4 416H69V202.2h66.5V416zm-33.2-243c-21.3 0-38.5-17.3-38.5-38.5S80.9 96 102.2 96c21.2 0 38.5 17.3 38.5 38.5 0 21.3-17.2 38.5-38.5 38.5zm282.1 243h-66.4V312c0-24.8-.5-56.7-34.5-56.7-34.6 0-39.9 27-39.9 54.9V416h-66.4V202.2h63.7v29.2h.9c8.9-16.8 30.6-34.5 62.9-34.5 67.2 0 79.7 44.3 79.7 101.9V416z\"><\/path><\/svg>\t\t\t\t\t<\/a>\n\t\t\t\t<\/span>\n\t\t\t\t\t<\/div>\n\t\t\t\t\t\t<\/div>\n\t\t\t\t<\/div>\n\t\t\t\t<\/div>\n\t\t\t\t<\/div>\n\t\t<div class=\"elementor-element elementor-element-1beda03 e-con-full glass e-flex e-con e-child\" data-id=\"1beda03\" data-element_type=\"container\" data-e-type=\"container\" data-settings=\"{&quot;background_background&quot;:&quot;classic&quot;,&quot;jet_parallax_layout_list&quot;:[]}\">\n\t\t\t\t<div class=\"elementor-element elementor-element-b33f702 elementor-widget elementor-widget-jet-form-builder-form\" data-id=\"b33f702\" data-element_type=\"widget\" data-e-type=\"widget\" data-widget_type=\"jet-form-builder-form.default\">\n\t\t\t\t<div class=\"elementor-widget-container\">\n\t\t\t\t\t<link rel='stylesheet' id='wp-block-library-css' href='https:\/\/cims-radiologie.ch\/wp-includes\/css\/dist\/block-library\/style.min.css?ver=6.7.5' media='all' \/>\n<link rel=\"preconnect\" href=\"https:\/\/fonts.gstatic.com\"><style id=\"jet-form-builder-1155-inline-css\">.jet-sm-gb-a0d65ce1-a335-4d40-9cfa-a7558e9f07d5 .jet-form-builder__desc.jet-form-builder__desc.jet-form-builder__desc{background-color: ;} .jet-sm-gb-d47b1fcc-7f00-4963-892d-21814d03cd01 .jet-form-builder__desc.jet-form-builder__desc.jet-form-builder__desc{background-color: ;} .jet-sm-gb-64d748e6-e599-41e9-8e44-c461510fa2d0 .jet-form-builder__desc.jet-form-builder__desc.jet-form-builder__desc{background-color: ;} .jet-sm-gb-e08e3d8f-7113-442a-8bc6-4e88c1e5627e .jet-form-builder__desc.jet-form-builder__desc.jet-form-builder__desc{background-color: ;} .jet-sm-gb-827c8b42-1f1e-4932-a699-57cd56fd52a2 .jet-form-builder__action-button:hover:not(:disabled){background-color: ;} <\/style><form  class=\"jet-form-builder layout-column submit-type-reload\" action=\"https:\/\/cims-radiologie.ch\/de\/wp-json\/wp\/v2\/pages\/48\/?vfGxtL=hDwA0tLPUY&#038;method=reload\" method=\"POST\" data-form-id=\"1155\" data-layout=\"column\" enctype=\"multipart\/form-data\" novalidate=\"null\" ssr_validation_method=\"rest\" data-trp-original-action=\"https:\/\/cims-radiologie.ch\/de\/wp-json\/wp\/v2\/pages\/48\/?vfGxtL=hDwA0tLPUY&amp;method=reload\"><input type=\"hidden\" id=\"_wpnonce\" name=\"_wpnonce\" value=\"d65d4ffe3b\" \/><input type=\"hidden\" name=\"_wp_http_referer\" value=\"\/de\/wp-json\/wp\/v2\/pages\/48\" \/>\r\n<input type=\"hidden\" name=\"_jfb_current_render_states[]\" value=\"DEFAULT.STATE\" data-jfb-sync \/><input type=\"hidden\" class=\"jet-form-builder__field hidden-field\" name=\"_jet_engine_booking_form_id\" data-field-name=\"_jet_engine_booking_form_id\" value=\"1155\">\n<input type=\"hidden\" class=\"jet-form-builder__field hidden-field\" name=\"_jet_engine_refer\" data-field-name=\"_jet_engine_refer\" value=\"https:\/\/cims-radiologie.ch\/de\/wp-json\/wp\/v2\/pages\/48\/\">\n<input type=\"hidden\" class=\"jet-form-builder__field hidden-field\" name=\"__queried_post_id\" data-field-name=\"__queried_post_id\" value=\"48\">\n<div class=\"jet-sm-gb-wrapper jet-sm-gb-d47b1fcc-7f00-4963-892d-21814d03cd01\" data-block-id=\"jet-sm-gb-d47b1fcc-7f00-4963-892d-21814d03cd01\" ><div  class=\"jet-form-builder-row field-type-text-field\" >\n<div class=\"jet-form-builder__label\">\r\n<div class=\"jet-form-builder__label-text\">Vollst\u00e4ndiger Name <span class=\"jet-form-builder__required\">*<\/span><\/div><\/div><div class=\"jet-form-builder__field-wrap\">\n\t\t\t\t<input required=\"required\" name=\"nom_complet\" id=\"nom_complet\" type=\"text\" data-field-name=\"nom_complet\" class=\"jet-form-builder__field text-field\" data-jfb-sync=\"null\" autocomplete=\"off_BZEdApD5\">\n\t\t\t\t\t<\/div>\n<\/div><\/div>\n\n\n<div class=\"wp-block-group is-nowrap is-layout-flex wp-container-core-group-is-layout-1 wp-block-group-is-layout-flex\"><div class=\"jet-sm-gb-wrapper jet-sm-gb-a0d65ce1-a335-4d40-9cfa-a7558e9f07d5\" data-block-id=\"jet-sm-gb-a0d65ce1-a335-4d40-9cfa-a7558e9f07d5\" ><div  class=\"jet-form-builder-row field-type-text-field\" >\n<div class=\"jet-form-builder__label\">\r\n<div class=\"jet-form-builder__label-text\">Email <span class=\"jet-form-builder__required\">*<\/span><\/div><\/div><div class=\"jet-form-builder__field-wrap\">\n\t\t\t\t<input required=\"required\" name=\"email\" id=\"email\" type=\"email\" data-field-name=\"email\" class=\"jet-form-builder__field text-field\" data-jfb-sync=\"null\" autocomplete=\"off_32wUaemZ\">\n\t\t\t\t\t<\/div>\n<\/div><\/div>\n\n<div class=\"jet-sm-gb-wrapper jet-sm-gb-64d748e6-e599-41e9-8e44-c461510fa2d0\" data-block-id=\"jet-sm-gb-64d748e6-e599-41e9-8e44-c461510fa2d0\" ><div  class=\"jet-form-builder-row field-type-text-field\" >\n<div class=\"jet-form-builder__label\">\r\n<div class=\"jet-form-builder__label-text\">Telefonnummer <span class=\"jet-form-builder__required\">*<\/span><\/div><\/div><div class=\"jet-form-builder__field-wrap\">\n\t\t\t\t<input required=\"required\" name=\"phone\" id=\"phone\" type=\"tel\" data-field-name=\"phone\" class=\"jet-form-builder__field text-field\" data-jfb-sync=\"null\" autocomplete=\"off_biqEDX2Y\">\n\t\t\t\t\t<\/div>\n<\/div><\/div><\/div>\n\n\n<div class=\"jet-sm-gb-wrapper jet-sm-gb-e08e3d8f-7113-442a-8bc6-4e88c1e5627e\" data-block-id=\"jet-sm-gb-e08e3d8f-7113-442a-8bc6-4e88c1e5627e\" ><div  class=\"jet-form-builder-row field-type-textarea-field\" >\n<div class=\"jet-form-builder__label\">\r\n<div class=\"jet-form-builder__label-text\">Ihre Nachricht \/ Anfrage <span class=\"jet-form-builder__required\">*<\/span><\/div><\/div><div class=\"jet-form-builder__field-wrap\">\n\t\t<textarea class=\"jet-form-builder__field textarea-field\" required=\"required\" name=\"votre_message_demande\" data-field-name=\"votre_message_demande\" id=\"votre_message_demande\" data-jfb-sync=\"null\"><\/textarea>\n\t<\/div>\n<\/div><\/div>\n\n<div class=\"jet-sm-gb-wrapper jet-sm-gb-827c8b42-1f1e-4932-a699-57cd56fd52a2\" data-block-id=\"jet-sm-gb-827c8b42-1f1e-4932-a699-57cd56fd52a2\" ><div class=\"jfb-visually-hidden\" tabindex=\"-1\"><div class=\"jet-form-builder__field-wrap\">\n\t\t\t\t<input name=\"_email\" id=\"_email\" type=\"email\" data-field-name=\"_email\" class=\"jet-form-builder__field text-field\" data-jfb-sync=\"null\" autocomplete=\"off_ex4cNiZX\">\n\t\t\t\t\t<\/div><\/div><div  class=\"jet-form-builder-row field-type-submit-field\" >\n\t<div data-type=\"submit\" class=\"jet-form-builder__action-button-wrapper jet-form-builder__submit-wrap\">\n\t<button class=\"jet-form-builder__action-button jet-form-builder__submit submit-type-reload\" type=\"submit\">Senden<\/button>\n\t<\/div>\n\t\n<\/div><\/div>\t<div class=\"jet-form-builder-messages-wrap\" data-form-id=\"1155\"><\/div>\n<input type=\"hidden\" name=\"trp-form-language\" value=\"de\"\/><\/form>\n\t\t\t\t<\/div>\n\t\t\t\t<\/div>\n\t\t\t\t<\/div>\n\t\t\t\t<\/div>\n\t\t\t\t\t<\/div>\n\t\t\t\t<\/div>\n\t\t<div class=\"elementor-element elementor-element-dc41ada e-con-full e-flex e-con e-parent\" data-id=\"dc41ada\" data-element_type=\"container\" data-e-type=\"container\" data-settings=\"{&quot;jet_parallax_layout_list&quot;:[],&quot;background_background&quot;:&quot;classic&quot;}\">\n\t\t\t\t<div class=\"elementor-element elementor-element-20ef641 elementor-widget elementor-widget-html\" data-id=\"20ef641\" data-element_type=\"widget\" data-e-type=\"widget\" data-widget_type=\"html.default\">\n\t\t\t\t<div class=\"elementor-widget-container\">\n\t\t\t\t\t<style>\n.map{\n    filter: grayscale(100%);\n  transition: filter 0.8s ease;\n}\n\n.map:hover {\n  filter: grayscale(0%);\n}\n<\/style>\t\t\t\t<\/div>\n\t\t\t\t<\/div>\n\t\t\t\t<div class=\"elementor-element elementor-element-682edf9 elementor-widget__width-inherit map elementor-widget elementor-widget-html\" data-id=\"682edf9\" data-element_type=\"widget\" data-e-type=\"widget\" data-widget_type=\"html.default\">\n\t\t\t\t<div class=\"elementor-widget-container\">\n\t\t\t\t\t<iframe src=\"https:\/\/www.google.com\/maps\/embed?pb=!1m18!1m12!1m3!1d2494.450871014961!2d7.34706191248058!3d47.36215212129751!2m3!1f0!2f0!3f0!3m2!1i1024!2i768!4f13.1!3m3!1m2!1s0x4791e7745b74853f%3A0x273256b813403f9c!2sCIMS%20Radiologie%20SA!5e1!3m2!1sfr!2sch!4v1753711051573!5m2!1sfr!2sch\" width=\"600\" height=\"450\" style=\"border:0;\" allowfullscreen=\"\" loading=\"lazy\" referrerpolicy=\"no-referrer-when-downgrade\"><\/iframe>\t\t\t\t<\/div>\n\t\t\t\t<\/div>\n\t\t<div class=\"elementor-element elementor-element-6ab3754 e-con-full animated-slow e-flex elementor-invisible e-con e-child\" data-id=\"6ab3754\" data-element_type=\"container\" data-e-type=\"container\" data-settings=\"{&quot;background_background&quot;:&quot;classic&quot;,&quot;position&quot;:&quot;absolute&quot;,&quot;jet_parallax_layout_list&quot;:[],&quot;animation&quot;:&quot;fadeInRight&quot;}\">\n\t\t\t\t<div class=\"elementor-element elementor-element-a719a2e elementor-widget elementor-widget-heading\" data-id=\"a719a2e\" data-element_type=\"widget\" data-e-type=\"widget\" data-widget_type=\"heading.default\">\n\t\t\t\t<div class=\"elementor-widget-container\">\n\t\t\t\t\t<h2 class=\"elementor-heading-title elementor-size-default\">So finden Sie uns<\/h2>\t\t\t\t<\/div>\n\t\t\t\t<\/div>\n\t\t\t\t<div class=\"elementor-element elementor-element-ea3b6fa elementor-widget elementor-widget-text-editor\" data-id=\"ea3b6fa\" data-element_type=\"widget\" data-e-type=\"widget\" data-widget_type=\"text-editor.default\">\n\t\t\t\t<div class=\"elementor-widget-container\">\n\t\t\t\t\t\t\t\t\t<p>Klicken Sie auf den untenstehenden Button, um die Route zu starten.<\/p>\t\t\t\t\t\t\t\t<\/div>\n\t\t\t\t<\/div>\n\t\t\t\t<div class=\"elementor-element elementor-element-62612b9 elementor-widget elementor-widget-button\" data-id=\"62612b9\" data-element_type=\"widget\" data-e-type=\"widget\" data-widget_type=\"button.default\">\n\t\t\t\t<div class=\"elementor-widget-container\">\n\t\t\t\t\t\t\t\t\t<div class=\"elementor-button-wrapper\">\n\t\t\t\t\t<a class=\"elementor-button elementor-button-link elementor-size-sm\" href=\"https:\/\/www.google.ch\/maps\/dir\/\/CIMS+Radiologie+SA,+Pl.+de+la+Poste+8,+2800+Del%C3%A9mont\/@47.3621521,7.3470619,573m\/data=!3m1!1e3!4m9!4m8!1m0!1m5!1m1!1s0x4791e7745b74853f:0x273256b813403f9c!2m2!1d7.3488406!2d47.3621694!3e0?hl=fr&#038;entry=ttu&#038;g_ep=EgoyMDI1MDcyMy4wIKXMDSoASAFQAw%3D%3D\" target=\"_blank\" rel=\"noopener\">\n\t\t\t\t\t\t<span class=\"elementor-button-content-wrapper\">\n\t\t\t\t\t\t\t\t\t<span class=\"elementor-button-text\">Route anzeigen<\/span>\n\t\t\t\t\t<\/span>\n\t\t\t\t\t<\/a>\n\t\t\t\t<\/div>\n\t\t\t\t\t\t\t\t<\/div>\n\t\t\t\t<\/div>\n\t\t\t\t<\/div>\n\t\t\t\t<\/div>\n\t\t\t\t<\/div>","protected":false},"excerpt":{"rendered":"<p>Contact En cas de question ou pour convenir d&rsquo;un rendez-vous, nous sommes \u00e0 votre disposition. info@cims-radiologie.ch Place de la poste 8, 2800 Del\u00e9mont phone 032 566 15 10 Formulaire de contact N&rsquo;h\u00e9sitez pas \u00e0 remplir le formulaire en cas de questions. Si vous d\u00e9sirez prendre rendez-vous en tant que patient, merci de cliquer sur ce [&hellip;]<\/p>","protected":false},"author":1,"featured_media":0,"parent":0,"menu_order":0,"comment_status":"closed","ping_status":"closed","template":"","meta":{"_jet_sm_ready_style":"","_jet_sm_style":"","_jet_sm_controls_values":"","_jet_sm_fonts_collection":"","_jet_sm_fonts_links":"","footnotes":""},"class_list":["post-48","page","type-page","status-publish","hentry"],"_links":{"self":[{"href":"https:\/\/cims-radiologie.ch\/de\/wp-json\/wp\/v2\/pages\/48","targetHints":{"allow":["GET"]}}],"collection":[{"href":"https:\/\/cims-radiologie.ch\/de\/wp-json\/wp\/v2\/pages"}],"about":[{"href":"https:\/\/cims-radiologie.ch\/de\/wp-json\/wp\/v2\/types\/page"}],"author":[{"embeddable":true,"href":"https:\/\/cims-radiologie.ch\/de\/wp-json\/wp\/v2\/users\/1"}],"replies":[{"embeddable":true,"href":"https:\/\/cims-radiologie.ch\/de\/wp-json\/wp\/v2\/comments?post=48"}],"version-history":[{"count":301,"href":"https:\/\/cims-radiologie.ch\/de\/wp-json\/wp\/v2\/pages\/48\/revisions"}],"predecessor-version":[{"id":5770,"href":"https:\/\/cims-radiologie.ch\/de\/wp-json\/wp\/v2\/pages\/48\/revisions\/5770"}],"wp:attachment":[{"href":"https:\/\/cims-radiologie.ch\/de\/wp-json\/wp\/v2\/media?parent=48"}],"curies":[{"name":"wp","href":"https:\/\/api.w.org\/{rel}","templated":true}]}}