{"id":44,"date":"2025-02-26T10:43:36","date_gmt":"2025-02-26T10:43:36","guid":{"rendered":"https:\/\/cims-radiologie.ch\/?page_id=44"},"modified":"2026-01-16T17:19:24","modified_gmt":"2026-01-16T16:19:24","slug":"infos-et-faq","status":"publish","type":"page","link":"https:\/\/cims-radiologie.ch\/de\/infos-et-faq\/","title":{"rendered":"Infos et FAQ"},"content":{"rendered":"<div data-elementor-type=\"wp-page\" data-elementor-id=\"44\" class=\"elementor elementor-44\">\n\t\t\t\t<div class=\"elementor-element elementor-element-6b1fcf4 gradient-cims-3 e-flex e-con-boxed e-con e-parent\" data-id=\"6b1fcf4\" data-element_type=\"container\" data-e-type=\"container\" data-settings=\"{&quot;jet_parallax_layout_list&quot;:[]}\">\n\t\t\t\t\t<div class=\"e-con-inner\">\n\t\t\t\t<div class=\"elementor-element elementor-element-b6be96d elementor-widget elementor-widget-heading\" data-id=\"b6be96d\" data-element_type=\"widget\" data-e-type=\"widget\" data-widget_type=\"heading.default\">\n\t\t\t\t<div class=\"elementor-widget-container\">\n\t\t\t\t\t<h1 class=\"elementor-heading-title elementor-size-default\">Infos et FAQ<\/h1>\t\t\t\t<\/div>\n\t\t\t\t<\/div>\n\t\t\t\t\t<\/div>\n\t\t\t\t<\/div>\n\t\t<div class=\"elementor-element elementor-element-916160c e-flex e-con-boxed e-con e-parent\" data-id=\"916160c\" data-element_type=\"container\" data-e-type=\"container\" data-settings=\"{&quot;background_background&quot;:&quot;classic&quot;,&quot;jet_parallax_layout_list&quot;:[]}\">\n\t\t\t\t\t<div class=\"e-con-inner\">\n\t\t<div class=\"elementor-element elementor-element-06f7ba7 e-con-full e-flex e-con e-child\" data-id=\"06f7ba7\" data-element_type=\"container\" data-e-type=\"container\" data-settings=\"{&quot;jet_parallax_layout_list&quot;:[]}\">\n\t\t\t\t<div class=\"elementor-element elementor-element-49c703d elementor-widget elementor-widget-heading\" data-id=\"49c703d\" data-element_type=\"widget\" data-e-type=\"widget\" data-widget_type=\"heading.default\">\n\t\t\t\t<div class=\"elementor-widget-container\">\n\t\t\t\t\t<h2 class=\"elementor-heading-title elementor-size-default\">Actualit\u00e9s<\/h2>\t\t\t\t<\/div>\n\t\t\t\t<\/div>\n\t\t\t\t<div class=\"elementor-element elementor-element-b8110f6 elementor-widget__width-inherit elementor-widget-mobile__width-inherit elementor-invisible elementor-widget elementor-widget-jet-posts\" data-id=\"b8110f6\" data-element_type=\"widget\" data-e-type=\"widget\" data-settings=\"{&quot;_animation&quot;:&quot;fadeInUp&quot;,&quot;columns&quot;:&quot;1&quot;}\" data-widget_type=\"jet-posts.default\">\n\t\t\t\t<div class=\"elementor-widget-container\">\n\t\t\t\t\t<div class=\"elementor-jet-posts jet-elements\"><div class=\"jet-carousel elementor-slick-slider\" data-slider_options=\"{&quot;autoplaySpeed&quot;:5000,&quot;autoplay&quot;:true,&quot;infinite&quot;:true,&quot;pauseOnHover&quot;:false,&quot;speed&quot;:500,&quot;arrows&quot;:true,&quot;dots&quot;:false,&quot;slidesToScroll&quot;:1,&quot;prevArrow&quot;:&quot;.jet-posts__prev-arrow-b8110f6&quot;,&quot;nextArrow&quot;:&quot;.jet-posts__next-arrow-b8110f6&quot;,&quot;rtl&quot;:false,&quot;fade&quot;:false}\" dir=\"ltr\"><div class=\"jet-posts col-row\"><div class=\"jet-posts__prev-arrow-b8110f6 jet-arrow prev-arrow\"><svg aria-hidden=\"true\" class=\"e-font-icon-svg e-fas-angle-left\" viewbox=\"0 0 256 512\" xmlns=\"http:\/\/www.w3.org\/2000\/svg\"><path d=\"M31.7 239l136-136c9.4-9.4 24.6-9.4 33.9 0l22.6 22.6c9.4 9.4 9.4 24.6 0 33.9L127.9 256l96.4 96.4c9.4 9.4 9.4 24.6 0 33.9L201.7 409c-9.4 9.4-24.6 9.4-33.9 0l-136-136c-9.5-9.4-9.5-24.6-.1-34z\"><\/path><\/svg><\/div><div class=\"jet-posts__next-arrow-b8110f6 jet-arrow next-arrow\"><svg aria-hidden=\"true\" class=\"e-font-icon-svg e-fas-angle-right\" viewbox=\"0 0 256 512\" xmlns=\"http:\/\/www.w3.org\/2000\/svg\"><path d=\"M224.3 273l-136 136c-9.4 9.4-24.6 9.4-33.9 0l-22.6-22.6c-9.4-9.4-9.4-24.6 0-33.9l96.4-96.4-96.4-96.4c-9.4-9.4-9.4-24.6 0-33.9L54.3 103c9.4-9.4 24.6-9.4 33.9 0l136 136c9.5 9.4 9.5 24.6.1 34z\"><\/path><\/svg><\/div><div class=\"jet-posts__item\">\n\t<div class=\"jet-posts__inner-box\"><div class=\"post-thumbnail\"><a href=\"https:\/\/cims-radiologie.ch\/de\/angio-mammographie-nouveaute-dans-le-jura\/\" class=\"post-thumbnail__link\"><img loading=\"lazy\" decoding=\"async\" class=\"post-thumbnail__img wp-post-image\" src=\"https:\/\/cims-radiologie.ch\/wp-content\/uploads\/2026\/01\/article-angio.webp\" alt=\"Angio-mammographie, nouveaut\u00e9 dans le Jura !\" width=\"1400\" height=\"973\"><\/a><\/div><div class=\"jet-posts__inner-content\"><h3 class=\"entry-title\"><a href=\"https:\/\/cims-radiologie.ch\/de\/angio-mammographie-nouveaute-dans-le-jura\/\" target=\"\">Angio-mammographie, nouveaut\u00e9 dans le Jura !<\/a><\/h3><\/div><\/div>\n<\/div>\n<div class=\"jet-posts__item\">\n\t<div class=\"jet-posts__inner-box\"><div class=\"post-thumbnail\"><a href=\"https:\/\/cims-radiologie.ch\/de\/lintelligence-artificielle-au-service-du-depistage-du-cancer-du-sein\/\" class=\"post-thumbnail__link\"><img loading=\"lazy\" decoding=\"async\" class=\"post-thumbnail__img wp-post-image\" src=\"https:\/\/cims-radiologie.ch\/wp-content\/uploads\/2025\/10\/iarticle-1.webp\" alt=\"L\u2019intelligence artificielle au service du d\u00e9pistage du cancer du sein\" width=\"1400\" height=\"973\"><\/a><\/div><div class=\"jet-posts__inner-content\"><h3 class=\"entry-title\"><a href=\"https:\/\/cims-radiologie.ch\/de\/lintelligence-artificielle-au-service-du-depistage-du-cancer-du-sein\/\" target=\"\">L\u2019intelligence artificielle au service du d\u00e9pistage du cancer du sein<\/a><\/h3><\/div><\/div>\n<\/div>\n<div class=\"jet-posts__item\">\n\t<div class=\"jet-posts__inner-box\"><div class=\"post-thumbnail\"><a href=\"https:\/\/cims-radiologie.ch\/de\/cims-a-obtenu-laccreditation-pour-le-depistage-du-cancer-du-sein-bejune\/\" class=\"post-thumbnail__link\"><img loading=\"lazy\" decoding=\"async\" class=\"post-thumbnail__img wp-post-image\" src=\"https:\/\/cims-radiologie.ch\/wp-content\/uploads\/2025\/10\/flyer-cims-1.webp\" alt=\"CIMS a obtenu l&#039;accr\u00e9ditation pour le d\u00e9pistage du cancer du sein BEJUNE !\" width=\"1372\" height=\"973\"><\/a><\/div><div class=\"jet-posts__inner-content\"><h3 class=\"entry-title\"><a href=\"https:\/\/cims-radiologie.ch\/de\/cims-a-obtenu-laccreditation-pour-le-depistage-du-cancer-du-sein-bejune\/\" target=\"\">CIMS a obtenu l'accr\u00e9ditation pour le d\u00e9pistage du cancer du sein BEJUNE !<\/a><\/h3><\/div><\/div>\n<\/div>\n<div class=\"jet-posts__item\">\n\t<div class=\"jet-posts__inner-box\"><div class=\"post-thumbnail\"><a href=\"https:\/\/cims-radiologie.ch\/de\/octobre-rose-chez-cims-radiologie-sa\/\" class=\"post-thumbnail__link\"><img loading=\"lazy\" decoding=\"async\" class=\"post-thumbnail__img wp-post-image\" src=\"https:\/\/cims-radiologie.ch\/wp-content\/uploads\/2025\/10\/octobreRose4.webp\" alt=\"Octobre Rose chez CIMS Radiologie SA\" width=\"1400\" height=\"973\"><\/a><\/div><div class=\"jet-posts__inner-content\"><h3 class=\"entry-title\"><a href=\"https:\/\/cims-radiologie.ch\/de\/octobre-rose-chez-cims-radiologie-sa\/\" target=\"\">Octobre Rose chez CIMS Radiologie SA<\/a><\/h3><\/div><\/div>\n<\/div>\n<div class=\"jet-posts__item\">\n\t<div class=\"jet-posts__inner-box\"><div class=\"post-thumbnail\"><a href=\"https:\/\/cims-radiologie.ch\/de\/premiere-installation-mondiale-chez-cims-radiologie\/\" class=\"post-thumbnail__link\"><img loading=\"lazy\" decoding=\"async\" class=\"post-thumbnail__img wp-post-image\" src=\"https:\/\/cims-radiologie.ch\/wp-content\/uploads\/2025\/10\/siemens.webp\" alt=\"Premi\u00e8re installation mondiale chez CIMS Radiologie !\" width=\"1200\" height=\"1152\"><\/a><\/div><div class=\"jet-posts__inner-content\"><h3 class=\"entry-title\"><a href=\"https:\/\/cims-radiologie.ch\/de\/premiere-installation-mondiale-chez-cims-radiologie\/\" target=\"\">Premi\u00e8re installation mondiale chez CIMS Radiologie !<\/a><\/h3><\/div><\/div>\n<\/div>\n<div class=\"jet-posts__item\">\n\t<div class=\"jet-posts__inner-box\"><div class=\"post-thumbnail\"><a href=\"https:\/\/cims-radiologie.ch\/de\/bienvenue-sur-le-site-de-cims-radiologie-sa\/\" class=\"post-thumbnail__link\"><img loading=\"lazy\" decoding=\"async\" class=\"post-thumbnail__img wp-post-image\" src=\"https:\/\/cims-radiologie.ch\/wp-content\/uploads\/2025\/06\/cims-site.webp\" alt=\"Bienvenue sur le site de CIMS Radiologie SA !\" width=\"800\" height=\"533\"><\/a><\/div><div class=\"jet-posts__inner-content\"><h3 class=\"entry-title\"><a href=\"https:\/\/cims-radiologie.ch\/de\/bienvenue-sur-le-site-de-cims-radiologie-sa\/\" target=\"\">Bienvenue sur le site de CIMS Radiologie SA !<\/a><\/h3><\/div><\/div>\n<\/div>\n<\/div>\n<\/div><\/div>\t\t\t\t<\/div>\n\t\t\t\t<\/div>\n\t\t\t\t<div class=\"elementor-element elementor-element-d2f12d0 elementor-align-center elementor-widget elementor-widget-button\" data-id=\"d2f12d0\" data-element_type=\"widget\" data-e-type=\"widget\" data-widget_type=\"button.default\">\n\t\t\t\t<div class=\"elementor-widget-container\">\n\t\t\t\t\t\t\t\t\t<div class=\"elementor-button-wrapper\">\n\t\t\t\t\t<a class=\"elementor-button elementor-button-link elementor-size-sm\" href=\"https:\/\/cims-radiologie.ch\/de\/articles\/\">\n\t\t\t\t\t\t<span class=\"elementor-button-content-wrapper\">\n\t\t\t\t\t\t<span class=\"elementor-button-icon\">\n\t\t\t\t<svg xmlns=\"http:\/\/www.w3.org\/2000\/svg\" viewbox=\"0 0 800 800\"><path d=\"M795.1 388 461.8 54.7c-6.7-6.3-17.2-6.2-23.5.3-6.2 6.5-6.2 16.7 0 23.2l304.8 305H17.2c-8.3 0-15.8 6-17 14.2-1.5 10.3 6.5 19.2 16.5 19.2h726.4L438.3 721.4c-6.7 6.3-6.8 17-.3 23.5 6.3 6.7 17 6.8 23.5.3l.3-.3 333.3-333.3c6.5-6.3 6.5-17 0-23.5Z\" style=\"fill:#fff\"><\/path><\/svg>\t\t\t<\/span>\n\t\t\t\t\t\t\t\t\t<span class=\"elementor-button-text\">Voir tous nos articles<\/span>\n\t\t\t\t\t<\/span>\n\t\t\t\t\t<\/a>\n\t\t\t\t<\/div>\n\t\t\t\t\t\t\t\t<\/div>\n\t\t\t\t<\/div>\n\t\t\t\t<\/div>\n\t\t<div class=\"elementor-element elementor-element-2994877 e-con-full e-flex e-con e-child\" data-id=\"2994877\" data-element_type=\"container\" data-e-type=\"container\" data-settings=\"{&quot;jet_parallax_layout_list&quot;:[]}\">\n\t\t\t\t<div class=\"elementor-element elementor-element-6d6c6b6 elementor-widget elementor-widget-heading\" data-id=\"6d6c6b6\" data-element_type=\"widget\" data-e-type=\"widget\" data-widget_type=\"heading.default\">\n\t\t\t\t<div class=\"elementor-widget-container\">\n\t\t\t\t\t<h2 class=\"elementor-heading-title elementor-size-default\">Foire aux questions<\/h2>\t\t\t\t<\/div>\n\t\t\t\t<\/div>\n\t\t\t\t<div class=\"elementor-element elementor-element-2828866 elementor-invisible elementor-widget elementor-widget-jet-accordion\" data-id=\"2828866\" data-element_type=\"widget\" data-e-type=\"widget\" data-settings=\"{&quot;_animation&quot;:&quot;fadeInUp&quot;}\" data-widget_type=\"jet-accordion.default\">\n\t\t\t\t<div class=\"elementor-widget-container\">\n\t\t\t\t\t\t\t\t\t<div class=\"jet-accordion\" data-settings=\"{&quot;collapsible&quot;:true,&quot;ajaxTemplate&quot;:false,&quot;switchScrolling&quot;:false,&quot;switchScrollingOffset&quot;:0,&quot;switchScrollingDelay&quot;:500}\">\n\t\t\t<div class=\"jet-accordion__inner\">\n\t\t\t\t<div class=\"jet-accordion__item jet-toggle jet-toggle-fade-effect active-toggle\">\n\t\t\t\t\t\t\t<div id=\"jet-toggle-control-4211\" class=\"jet-toggle__control elementor-menu-anchor\" data-toggle=\"1\" role=\"button\" tabindex=\"0\" aria-controls=\"jet-toggle-content-4211\" aria-expanded=\"true\" data-template-id=\"false\">\n\t\t\t\t\t\t\t\t<div class=\"jet-toggle__label-icon jet-toggle-icon-position-right\"><span class=\"jet-toggle__icon icon-normal jet-tabs-icon\"><svg xmlns=\"http:\/\/www.w3.org\/2000\/svg\" viewbox=\"0 0 800 800\"><path d=\"M649.7 285.2c6.2-6.9 5.6-17.5-1.3-23.7s-17.5-5.6-23.7 1.3L406.2 504.9c-5.6 6.3-13.7 6.3-19.4 0L175.3 263.2c-6.3-6.9-16.9-7.5-23.8-1.9-6.9 6.3-7.5 16.9-1.9 23.8l212.1 241.7c18.8 21.2 50 21.8 69.4.6l218.5-242.1Z\" style=\"fill:#fff\"><\/path><\/svg><\/span><span class=\"jet-toggle__icon icon-active jet-tabs-icon\"><svg xmlns=\"http:\/\/www.w3.org\/2000\/svg\" viewbox=\"0 0 800 800\"><path d=\"M150.2 515.3c-6.2 6.9-5.6 17.5 1.3 23.7s17.5 5.6 23.7-1.3l218.3-242.3c5.6-6.3 13.7-6.3 19.4 0l211.7 241.5c6.3 6.9 16.9 7.5 23.8 1.9 6.9-6.3 7.5-16.9 1.9-23.8L438 273.5c-18.8-21.2-50-21.8-69.4-.5L150.3 515.3Z\" data-name=\"Calque_1\" style=\"fill:#fff\"><\/path><\/svg><\/span><\/div><div class=\"jet-toggle__label-text\">O\u00f9 se trouve le centre CIMS ?<\/div>\t\t\t\t\t\t\t<\/div>\n\t\t\t\t\t\t\t<div id=\"jet-toggle-content-4211\" class=\"jet-toggle__content\" data-toggle=\"1\" role=\"region\" data-template-id=\"false\">\n\t\t\t\t\t\t\t\t<div class=\"jet-toggle__content-inner\"><p>Pl. de la poste 8, 2800 Del\u00e9mont. A 1 minute \u00e0 pied de la gare.<\/p><\/div>\n\t\t\t\t\t\t\t<\/div>\n\t\t\t\t\t\t<\/div><div class=\"jet-accordion__item jet-toggle jet-toggle-fade-effect\">\n\t\t\t\t\t\t\t<div id=\"jet-toggle-control-4212\" class=\"jet-toggle__control elementor-menu-anchor\" data-toggle=\"2\" role=\"button\" tabindex=\"0\" aria-controls=\"jet-toggle-content-4212\" aria-expanded=\"false\" data-template-id=\"false\">\n\t\t\t\t\t\t\t\t<div class=\"jet-toggle__label-icon jet-toggle-icon-position-right\"><span class=\"jet-toggle__icon icon-normal jet-tabs-icon\"><svg xmlns=\"http:\/\/www.w3.org\/2000\/svg\" viewbox=\"0 0 800 800\"><path d=\"M649.7 285.2c6.2-6.9 5.6-17.5-1.3-23.7s-17.5-5.6-23.7 1.3L406.2 504.9c-5.6 6.3-13.7 6.3-19.4 0L175.3 263.2c-6.3-6.9-16.9-7.5-23.8-1.9-6.9 6.3-7.5 16.9-1.9 23.8l212.1 241.7c18.8 21.2 50 21.8 69.4.6l218.5-242.1Z\" style=\"fill:#fff\"><\/path><\/svg><\/span><span class=\"jet-toggle__icon icon-active jet-tabs-icon\"><svg xmlns=\"http:\/\/www.w3.org\/2000\/svg\" viewbox=\"0 0 800 800\"><path d=\"M150.2 515.3c-6.2 6.9-5.6 17.5 1.3 23.7s17.5 5.6 23.7-1.3l218.3-242.3c5.6-6.3 13.7-6.3 19.4 0l211.7 241.5c6.3 6.9 16.9 7.5 23.8 1.9 6.9-6.3 7.5-16.9 1.9-23.8L438 273.5c-18.8-21.2-50-21.8-69.4-.5L150.3 515.3Z\" data-name=\"Calque_1\" style=\"fill:#fff\"><\/path><\/svg><\/span><\/div><div class=\"jet-toggle__label-text\">O\u00f9 sont r\u00e9alis\u00e9es les analyses de vos pr\u00e9l\u00e8vements de biopsie ?<\/div>\t\t\t\t\t\t\t<\/div>\n\t\t\t\t\t\t\t<div id=\"jet-toggle-content-4212\" class=\"jet-toggle__content\" data-toggle=\"2\" role=\"region\" data-template-id=\"false\">\n\t\t\t\t\t\t\t\t<div class=\"jet-toggle__content-inner\"><p>L\u2019analyse de nos pr\u00e9l\u00e8vements est r\u00e9alis\u00e9e en partenariat avec le service de pathologie de <a href=\"https:\/\/www.unispital-basel.ch\/\" target=\"_blank\" rel=\"noopener\">l\u2019Universit\u00e4tsspital de B\u00e2le<\/a>, garantissant un haut niveau d\u2019expertise\u00a0et\u00a0de\u00a0qualit\u00e9.<\/p><\/div>\n\t\t\t\t\t\t\t<\/div>\n\t\t\t\t\t\t<\/div><div class=\"jet-accordion__item jet-toggle jet-toggle-fade-effect\">\n\t\t\t\t\t\t\t<div id=\"jet-toggle-control-4213\" class=\"jet-toggle__control elementor-menu-anchor\" data-toggle=\"3\" role=\"button\" tabindex=\"0\" aria-controls=\"jet-toggle-content-4213\" aria-expanded=\"false\" data-template-id=\"false\">\n\t\t\t\t\t\t\t\t<div class=\"jet-toggle__label-icon jet-toggle-icon-position-right\"><span class=\"jet-toggle__icon icon-normal jet-tabs-icon\"><svg xmlns=\"http:\/\/www.w3.org\/2000\/svg\" viewbox=\"0 0 800 800\"><path d=\"M649.7 285.2c6.2-6.9 5.6-17.5-1.3-23.7s-17.5-5.6-23.7 1.3L406.2 504.9c-5.6 6.3-13.7 6.3-19.4 0L175.3 263.2c-6.3-6.9-16.9-7.5-23.8-1.9-6.9 6.3-7.5 16.9-1.9 23.8l212.1 241.7c18.8 21.2 50 21.8 69.4.6l218.5-242.1Z\" style=\"fill:#fff\"><\/path><\/svg><\/span><span class=\"jet-toggle__icon icon-active jet-tabs-icon\"><svg xmlns=\"http:\/\/www.w3.org\/2000\/svg\" viewbox=\"0 0 800 800\"><path d=\"M150.2 515.3c-6.2 6.9-5.6 17.5 1.3 23.7s17.5 5.6 23.7-1.3l218.3-242.3c5.6-6.3 13.7-6.3 19.4 0l211.7 241.5c6.3 6.9 16.9 7.5 23.8 1.9 6.9-6.3 7.5-16.9 1.9-23.8L438 273.5c-18.8-21.2-50-21.8-69.4-.5L150.3 515.3Z\" data-name=\"Calque_1\" style=\"fill:#fff\"><\/path><\/svg><\/span><\/div><div class=\"jet-toggle__label-text\">\u00cates-vous accr\u00e9dit\u00e9s pour le d\u00e9pistage du cancer du sein ?<\/div>\t\t\t\t\t\t\t<\/div>\n\t\t\t\t\t\t\t<div id=\"jet-toggle-content-4213\" class=\"jet-toggle__content\" data-toggle=\"3\" role=\"region\" data-template-id=\"false\">\n\t\t\t\t\t\t\t\t<div class=\"jet-toggle__content-inner\"><p>Oui, CIMS Radiologie a obtenu l&rsquo;accr\u00e9ditation BEJUNE en 2025.\u00a0<\/p><\/div>\n\t\t\t\t\t\t\t<\/div>\n\t\t\t\t\t\t<\/div><div class=\"jet-accordion__item jet-toggle jet-toggle-fade-effect\">\n\t\t\t\t\t\t\t<div id=\"jet-toggle-control-4214\" class=\"jet-toggle__control elementor-menu-anchor\" data-toggle=\"4\" role=\"button\" tabindex=\"0\" aria-controls=\"jet-toggle-content-4214\" aria-expanded=\"false\" data-template-id=\"false\">\n\t\t\t\t\t\t\t\t<div class=\"jet-toggle__label-icon jet-toggle-icon-position-right\"><span class=\"jet-toggle__icon icon-normal jet-tabs-icon\"><svg xmlns=\"http:\/\/www.w3.org\/2000\/svg\" viewbox=\"0 0 800 800\"><path d=\"M649.7 285.2c6.2-6.9 5.6-17.5-1.3-23.7s-17.5-5.6-23.7 1.3L406.2 504.9c-5.6 6.3-13.7 6.3-19.4 0L175.3 263.2c-6.3-6.9-16.9-7.5-23.8-1.9-6.9 6.3-7.5 16.9-1.9 23.8l212.1 241.7c18.8 21.2 50 21.8 69.4.6l218.5-242.1Z\" style=\"fill:#fff\"><\/path><\/svg><\/span><span class=\"jet-toggle__icon icon-active jet-tabs-icon\"><svg xmlns=\"http:\/\/www.w3.org\/2000\/svg\" viewbox=\"0 0 800 800\"><path d=\"M150.2 515.3c-6.2 6.9-5.6 17.5 1.3 23.7s17.5 5.6 23.7-1.3l218.3-242.3c5.6-6.3 13.7-6.3 19.4 0l211.7 241.5c6.3 6.9 16.9 7.5 23.8 1.9 6.9-6.3 7.5-16.9 1.9-23.8L438 273.5c-18.8-21.2-50-21.8-69.4-.5L150.3 515.3Z\" data-name=\"Calque_1\" style=\"fill:#fff\"><\/path><\/svg><\/span><\/div><div class=\"jet-toggle__label-text\">Comment puis-je consulter mes r\u00e9sultats effectu\u00e9s au centre ?<\/div>\t\t\t\t\t\t\t<\/div>\n\t\t\t\t\t\t\t<div id=\"jet-toggle-content-4214\" class=\"jet-toggle__content\" data-toggle=\"4\" role=\"region\" data-template-id=\"false\">\n\t\t\t\t\t\t\t\t<div class=\"jet-toggle__content-inner\"><p>Un login et un code d\u2019acc\u00e8s vous sont communiqu\u00e9s dans votre compte rendu, vous permettant de consulter vos r\u00e9sultats en ligne.<\/p><\/div>\n\t\t\t\t\t\t\t<\/div>\n\t\t\t\t\t\t<\/div>\t\t\t<\/div>\n\t\t<\/div>\n\t\t\t\t\t\t<\/div>\n\t\t\t\t<\/div>\n\t\t\t\t<\/div>\n\t\t\t\t\t<\/div>\n\t\t\t\t<\/div>\n\t\t\t\t<\/div>","protected":false},"excerpt":{"rendered":"<p>Infos et FAQ Actualit\u00e9s Angio-mammographie, nouveaut\u00e9 dans le Jura ! L\u2019intelligence artificielle au service du d\u00e9pistage du cancer du sein CIMS a obtenu l&rsquo;accr\u00e9ditation pour le d\u00e9pistage du cancer du sein BEJUNE ! Octobre Rose chez CIMS Radiologie SA Premi\u00e8re installation mondiale chez CIMS Radiologie ! Bienvenue sur le site de CIMS Radiologie SA ! [&hellip;]<\/p>","protected":false},"author":1,"featured_media":0,"parent":0,"menu_order":0,"comment_status":"closed","ping_status":"closed","template":"","meta":{"_jet_sm_ready_style":"","_jet_sm_style":"","_jet_sm_controls_values":"","_jet_sm_fonts_collection":"","_jet_sm_fonts_links":"","footnotes":""},"class_list":["post-44","page","type-page","status-publish","hentry"],"_links":{"self":[{"href":"https:\/\/cims-radiologie.ch\/de\/wp-json\/wp\/v2\/pages\/44","targetHints":{"allow":["GET"]}}],"collection":[{"href":"https:\/\/cims-radiologie.ch\/de\/wp-json\/wp\/v2\/pages"}],"about":[{"href":"https:\/\/cims-radiologie.ch\/de\/wp-json\/wp\/v2\/types\/page"}],"author":[{"embeddable":true,"href":"https:\/\/cims-radiologie.ch\/de\/wp-json\/wp\/v2\/users\/1"}],"replies":[{"embeddable":true,"href":"https:\/\/cims-radiologie.ch\/de\/wp-json\/wp\/v2\/comments?post=44"}],"version-history":[{"count":194,"href":"https:\/\/cims-radiologie.ch\/de\/wp-json\/wp\/v2\/pages\/44\/revisions"}],"predecessor-version":[{"id":6190,"href":"https:\/\/cims-radiologie.ch\/de\/wp-json\/wp\/v2\/pages\/44\/revisions\/6190"}],"wp:attachment":[{"href":"https:\/\/cims-radiologie.ch\/de\/wp-json\/wp\/v2\/media?parent=44"}],"curies":[{"name":"wp","href":"https:\/\/api.w.org\/{rel}","templated":true}]}}