{"id":3734,"date":"2025-06-27T17:10:39","date_gmt":"2025-06-27T16:10:39","guid":{"rendered":"https:\/\/cims-radiologie.ch\/?page_id=3734"},"modified":"2026-01-16T17:36:05","modified_gmt":"2026-01-16T16:36:05","slug":"articles","status":"publish","type":"page","link":"https:\/\/cims-radiologie.ch\/de\/articles\/","title":{"rendered":"Articles"},"content":{"rendered":"<div data-elementor-type=\"wp-page\" data-elementor-id=\"3734\" class=\"elementor elementor-3734\">\n\t\t\t\t<div class=\"elementor-element elementor-element-90b24d4 gradient-cims e-flex e-con-boxed e-con e-parent\" data-id=\"90b24d4\" data-element_type=\"container\" data-e-type=\"container\" data-settings=\"{&quot;jet_parallax_layout_list&quot;:[]}\">\n\t\t\t\t\t<div class=\"e-con-inner\">\n\t\t\t\t<div class=\"elementor-element elementor-element-e914dd2 elementor-widget elementor-widget-heading\" data-id=\"e914dd2\" data-element_type=\"widget\" data-e-type=\"widget\" data-widget_type=\"heading.default\">\n\t\t\t\t<div class=\"elementor-widget-container\">\n\t\t\t\t\t<h1 class=\"elementor-heading-title elementor-size-default\">Tous les articles<\/h1>\t\t\t\t<\/div>\n\t\t\t\t<\/div>\n\t\t\t\t\t<\/div>\n\t\t\t\t<\/div>\n\t\t<div class=\"elementor-element elementor-element-8f71bfd e-flex e-con-boxed e-con e-parent\" data-id=\"8f71bfd\" data-element_type=\"container\" data-e-type=\"container\" data-settings=\"{&quot;jet_parallax_layout_list&quot;:[]}\">\n\t\t\t\t\t<div class=\"e-con-inner\">\n\t\t\t\t<div class=\"elementor-element elementor-element-6e351eb elementor-widget__width-inherit elementor-invisible elementor-widget elementor-widget-jet-posts\" data-id=\"6e351eb\" data-element_type=\"widget\" data-e-type=\"widget\" data-settings=\"{&quot;_animation&quot;:&quot;fadeInUp&quot;,&quot;columns_mobile&quot;:&quot;1&quot;,&quot;columns&quot;:3,&quot;slides_to_scroll&quot;:&quot;1&quot;}\" data-widget_type=\"jet-posts.default\">\n\t\t\t\t<div class=\"elementor-widget-container\">\n\t\t\t\t\t<div class=\"elementor-jet-posts jet-elements\"><div class=\"jet-posts col-row\"><div class=\"jet-posts__item\">\n\t<div class=\"jet-posts__inner-box\"><div class=\"post-thumbnail\"><a href=\"https:\/\/cims-radiologie.ch\/de\/angio-mammographie-nouveaute-dans-le-jura\/\" class=\"post-thumbnail__link\"><img loading=\"lazy\" decoding=\"async\" class=\"post-thumbnail__img wp-post-image\" src=\"https:\/\/cims-radiologie.ch\/wp-content\/uploads\/2026\/01\/article-angio.webp\" alt=\"Angio-mammographie, nouveaut\u00e9 dans le Jura !\" width=\"1400\" height=\"973\"><\/a><\/div><div class=\"jet-posts__inner-content\"><h2 class=\"entry-title\"><a href=\"https:\/\/cims-radiologie.ch\/de\/angio-mammographie-nouveaute-dans-le-jura\/\" target=\"\">Angio-mammographie, nouveaut\u00e9 dans le Jura !<\/a><\/h2><\/div><\/div>\n<\/div>\n<div class=\"jet-posts__item\">\n\t<div class=\"jet-posts__inner-box\"><div class=\"post-thumbnail\"><a href=\"https:\/\/cims-radiologie.ch\/de\/lintelligence-artificielle-au-service-du-depistage-du-cancer-du-sein\/\" class=\"post-thumbnail__link\"><img loading=\"lazy\" decoding=\"async\" class=\"post-thumbnail__img wp-post-image\" src=\"https:\/\/cims-radiologie.ch\/wp-content\/uploads\/2025\/10\/iarticle-1.webp\" alt=\"L\u2019intelligence artificielle au service du d\u00e9pistage du cancer du sein\" width=\"1400\" height=\"973\"><\/a><\/div><div class=\"jet-posts__inner-content\"><h2 class=\"entry-title\"><a href=\"https:\/\/cims-radiologie.ch\/de\/lintelligence-artificielle-au-service-du-depistage-du-cancer-du-sein\/\" target=\"\">L\u2019intelligence artificielle au service du d\u00e9pistage du cancer du sein<\/a><\/h2><\/div><\/div>\n<\/div>\n<div class=\"jet-posts__item\">\n\t<div class=\"jet-posts__inner-box\"><div class=\"post-thumbnail\"><a href=\"https:\/\/cims-radiologie.ch\/de\/cims-a-obtenu-laccreditation-pour-le-depistage-du-cancer-du-sein-bejune\/\" class=\"post-thumbnail__link\"><img loading=\"lazy\" decoding=\"async\" class=\"post-thumbnail__img wp-post-image\" src=\"https:\/\/cims-radiologie.ch\/wp-content\/uploads\/2025\/10\/flyer-cims-1.webp\" alt=\"CIMS a obtenu l&#039;accr\u00e9ditation pour le d\u00e9pistage du cancer du sein BEJUNE !\" width=\"1372\" height=\"973\"><\/a><\/div><div class=\"jet-posts__inner-content\"><h2 class=\"entry-title\"><a href=\"https:\/\/cims-radiologie.ch\/de\/cims-a-obtenu-laccreditation-pour-le-depistage-du-cancer-du-sein-bejune\/\" target=\"\">CIMS a obtenu l'accr\u00e9ditation pour le d\u00e9pistage du cancer du sein BEJUNE !<\/a><\/h2><\/div><\/div>\n<\/div>\n<div class=\"jet-posts__item\">\n\t<div class=\"jet-posts__inner-box\"><div class=\"post-thumbnail\"><a href=\"https:\/\/cims-radiologie.ch\/de\/octobre-rose-chez-cims-radiologie-sa\/\" class=\"post-thumbnail__link\"><img loading=\"lazy\" decoding=\"async\" class=\"post-thumbnail__img wp-post-image\" src=\"https:\/\/cims-radiologie.ch\/wp-content\/uploads\/2025\/10\/octobreRose4.webp\" alt=\"Octobre Rose chez CIMS Radiologie SA\" width=\"1400\" height=\"973\"><\/a><\/div><div class=\"jet-posts__inner-content\"><h2 class=\"entry-title\"><a href=\"https:\/\/cims-radiologie.ch\/de\/octobre-rose-chez-cims-radiologie-sa\/\" target=\"\">Octobre Rose chez CIMS Radiologie SA<\/a><\/h2><\/div><\/div>\n<\/div>\n<div class=\"jet-posts__item\">\n\t<div class=\"jet-posts__inner-box\"><div class=\"post-thumbnail\"><a href=\"https:\/\/cims-radiologie.ch\/de\/premiere-installation-mondiale-chez-cims-radiologie\/\" class=\"post-thumbnail__link\"><img loading=\"lazy\" decoding=\"async\" class=\"post-thumbnail__img wp-post-image\" src=\"https:\/\/cims-radiologie.ch\/wp-content\/uploads\/2025\/10\/siemens.webp\" alt=\"Premi\u00e8re installation mondiale chez CIMS Radiologie !\" width=\"1200\" height=\"1152\"><\/a><\/div><div class=\"jet-posts__inner-content\"><h2 class=\"entry-title\"><a href=\"https:\/\/cims-radiologie.ch\/de\/premiere-installation-mondiale-chez-cims-radiologie\/\" target=\"\">Premi\u00e8re installation mondiale chez CIMS Radiologie !<\/a><\/h2><\/div><\/div>\n<\/div>\n<div class=\"jet-posts__item\">\n\t<div class=\"jet-posts__inner-box\"><div class=\"post-thumbnail\"><a href=\"https:\/\/cims-radiologie.ch\/de\/bienvenue-sur-le-site-de-cims-radiologie-sa\/\" class=\"post-thumbnail__link\"><img loading=\"lazy\" decoding=\"async\" class=\"post-thumbnail__img wp-post-image\" src=\"https:\/\/cims-radiologie.ch\/wp-content\/uploads\/2025\/06\/cims-site.webp\" alt=\"Bienvenue sur le site de CIMS Radiologie SA !\" width=\"800\" height=\"533\"><\/a><\/div><div class=\"jet-posts__inner-content\"><h2 class=\"entry-title\"><a href=\"https:\/\/cims-radiologie.ch\/de\/bienvenue-sur-le-site-de-cims-radiologie-sa\/\" target=\"\">Bienvenue sur le site de CIMS Radiologie SA !<\/a><\/h2><\/div><\/div>\n<\/div>\n<\/div>\n<\/div>\t\t\t\t<\/div>\n\t\t\t\t<\/div>\n\t\t\t\t\t<\/div>\n\t\t\t\t<\/div>\n\t\t\t\t<\/div>","protected":false},"excerpt":{"rendered":"<p>Tous les articles Angio-mammographie, nouveaut\u00e9 dans le Jura ! L\u2019intelligence artificielle au service du d\u00e9pistage du cancer du sein CIMS a obtenu l&rsquo;accr\u00e9ditation pour le d\u00e9pistage du cancer du sein BEJUNE ! Octobre Rose chez CIMS Radiologie SA Premi\u00e8re installation mondiale chez CIMS Radiologie ! Bienvenue sur le site de CIMS Radiologie SA !<\/p>","protected":false},"author":1,"featured_media":0,"parent":0,"menu_order":0,"comment_status":"closed","ping_status":"closed","template":"","meta":{"_jet_sm_ready_style":"","_jet_sm_style":"","_jet_sm_controls_values":"","_jet_sm_fonts_collection":"","_jet_sm_fonts_links":"","footnotes":""},"class_list":["post-3734","page","type-page","status-publish","hentry"],"_links":{"self":[{"href":"https:\/\/cims-radiologie.ch\/de\/wp-json\/wp\/v2\/pages\/3734","targetHints":{"allow":["GET"]}}],"collection":[{"href":"https:\/\/cims-radiologie.ch\/de\/wp-json\/wp\/v2\/pages"}],"about":[{"href":"https:\/\/cims-radiologie.ch\/de\/wp-json\/wp\/v2\/types\/page"}],"author":[{"embeddable":true,"href":"https:\/\/cims-radiologie.ch\/de\/wp-json\/wp\/v2\/users\/1"}],"replies":[{"embeddable":true,"href":"https:\/\/cims-radiologie.ch\/de\/wp-json\/wp\/v2\/comments?post=3734"}],"version-history":[{"count":22,"href":"https:\/\/cims-radiologie.ch\/de\/wp-json\/wp\/v2\/pages\/3734\/revisions"}],"predecessor-version":[{"id":6203,"href":"https:\/\/cims-radiologie.ch\/de\/wp-json\/wp\/v2\/pages\/3734\/revisions\/6203"}],"wp:attachment":[{"href":"https:\/\/cims-radiologie.ch\/de\/wp-json\/wp\/v2\/media?parent=3734"}],"curies":[{"name":"wp","href":"https:\/\/api.w.org\/{rel}","templated":true}]}}